{"id":933,"date":"2024-04-19T15:07:30","date_gmt":"2024-04-19T07:07:30","guid":{"rendered":"https:\/\/keensaw.com\/?post_type=product&#038;p=933"},"modified":"2026-05-08T16:15:09","modified_gmt":"2026-05-08T08:15:09","slug":"kcm-60se-pneumatic-single-head-pipe-chamfering-machine","status":"publish","type":"product","link":"https:\/\/www.keensaw.com\/pt\/product\/kcm-60se-pneumatic-single-head-pipe-chamfering-machine","title":{"rendered":"M\u00e1quina pneum\u00e1tica de chanfrar tubo de cabe\u00e7a \u00fanica KCM-60SE"},"featured_media":931,"menu_order":21,"template":"","format":"standard","meta":[],"product_category":[33,34],"class_list":["post-933","product","type-product","status-publish","format-standard","has-post-thumbnail","hentry","product_category-chamfering-machine","product_category-single-end-chamfering-machine"],"acf":[],"_links":{"self":[{"href":"https:\/\/www.keensaw.com\/pt\/wp-json\/wp\/v2\/product\/933","targetHints":{"allow":["GET"]}}],"collection":[{"href":"https:\/\/www.keensaw.com\/pt\/wp-json\/wp\/v2\/product"}],"about":[{"href":"https:\/\/www.keensaw.com\/pt\/wp-json\/wp\/v2\/types\/product"}],"version-history":[{"count":2,"href":"https:\/\/www.keensaw.com\/pt\/wp-json\/wp\/v2\/product\/933\/revisions"}],"predecessor-version":[{"id":2305,"href":"https:\/\/www.keensaw.com\/pt\/wp-json\/wp\/v2\/product\/933\/revisions\/2305"}],"wp:featuredmedia":[{"embeddable":true,"href":"https:\/\/www.keensaw.com\/pt\/wp-json\/wp\/v2\/media\/931"}],"wp:attachment":[{"href":"https:\/\/www.keensaw.com\/pt\/wp-json\/wp\/v2\/media?parent=933"}],"wp:term":[{"taxonomy":"product_category","embeddable":true,"href":"https:\/\/www.keensaw.com\/pt\/wp-json\/wp\/v2\/product_category?post=933"}],"curies":[{"name":"wp","href":"https:\/\/api.w.org\/{rel}","templated":true}]}}