{"id":758,"date":"2024-04-04T11:42:16","date_gmt":"2024-04-04T03:42:16","guid":{"rendered":"https:\/\/keensaw.com\/?post_type=product&#038;p=758"},"modified":"2026-05-08T16:14:08","modified_gmt":"2026-05-08T08:14:08","slug":"kcm-50de-dual-head-automatic-pipe-chamfering-machine","status":"publish","type":"product","link":"https:\/\/www.keensaw.com\/pt\/product\/kcm-50de-dual-head-automatic-pipe-chamfering-machine","title":{"rendered":"M\u00e1quina autom\u00e1tica de chanfrar tubos de cabe\u00e7a dupla KCM-50DE"},"featured_media":954,"menu_order":40,"template":"","format":"standard","meta":[],"product_category":[33,35],"class_list":["post-758","product","type-product","status-publish","format-standard","has-post-thumbnail","hentry","product_category-chamfering-machine","product_category-double-end-chamfering-machine"],"acf":[],"_links":{"self":[{"href":"https:\/\/www.keensaw.com\/pt\/wp-json\/wp\/v2\/product\/758","targetHints":{"allow":["GET"]}}],"collection":[{"href":"https:\/\/www.keensaw.com\/pt\/wp-json\/wp\/v2\/product"}],"about":[{"href":"https:\/\/www.keensaw.com\/pt\/wp-json\/wp\/v2\/types\/product"}],"version-history":[{"count":6,"href":"https:\/\/www.keensaw.com\/pt\/wp-json\/wp\/v2\/product\/758\/revisions"}],"predecessor-version":[{"id":2348,"href":"https:\/\/www.keensaw.com\/pt\/wp-json\/wp\/v2\/product\/758\/revisions\/2348"}],"wp:featuredmedia":[{"embeddable":true,"href":"https:\/\/www.keensaw.com\/pt\/wp-json\/wp\/v2\/media\/954"}],"wp:attachment":[{"href":"https:\/\/www.keensaw.com\/pt\/wp-json\/wp\/v2\/media?parent=758"}],"wp:term":[{"taxonomy":"product_category","embeddable":true,"href":"https:\/\/www.keensaw.com\/pt\/wp-json\/wp\/v2\/product_category?post=758"}],"curies":[{"name":"wp","href":"https:\/\/api.w.org\/{rel}","templated":true}]}}