{"id":3231,"date":"2025-12-30T15:45:58","date_gmt":"2025-12-30T07:45:58","guid":{"rendered":"https:\/\/www.keensaw.com\/?post_type=product&#038;p=3231"},"modified":"2026-05-08T14:02:03","modified_gmt":"2026-05-08T06:02:03","slug":"full-automatic-stud-chamfer-and-stamping-marking-machine","status":"publish","type":"product","link":"https:\/\/www.keensaw.com\/pt\/product\/full-automatic-stud-chamfer-and-stamping-marking-machine","title":{"rendered":"M\u00e1quina totalmente autom\u00e1tica de chanfro de parafuso prisioneiro e marca\u00e7\u00e3o de estampagem"},"featured_media":3232,"menu_order":47,"template":"","format":"standard","meta":[],"product_category":[33,35,36],"class_list":["post-3231","product","type-product","status-publish","format-standard","has-post-thumbnail","hentry","product_category-chamfering-machine","product_category-double-end-chamfering-machine","product_category-cnc-chamfering-machine"],"acf":[],"_links":{"self":[{"href":"https:\/\/www.keensaw.com\/pt\/wp-json\/wp\/v2\/product\/3231","targetHints":{"allow":["GET"]}}],"collection":[{"href":"https:\/\/www.keensaw.com\/pt\/wp-json\/wp\/v2\/product"}],"about":[{"href":"https:\/\/www.keensaw.com\/pt\/wp-json\/wp\/v2\/types\/product"}],"version-history":[{"count":3,"href":"https:\/\/www.keensaw.com\/pt\/wp-json\/wp\/v2\/product\/3231\/revisions"}],"predecessor-version":[{"id":3397,"href":"https:\/\/www.keensaw.com\/pt\/wp-json\/wp\/v2\/product\/3231\/revisions\/3397"}],"wp:featuredmedia":[{"embeddable":true,"href":"https:\/\/www.keensaw.com\/pt\/wp-json\/wp\/v2\/media\/3232"}],"wp:attachment":[{"href":"https:\/\/www.keensaw.com\/pt\/wp-json\/wp\/v2\/media?parent=3231"}],"wp:term":[{"taxonomy":"product_category","embeddable":true,"href":"https:\/\/www.keensaw.com\/pt\/wp-json\/wp\/v2\/product_category?post=3231"}],"curies":[{"name":"wp","href":"https:\/\/api.w.org\/{rel}","templated":true}]}}