{"id":2687,"date":"2025-08-13T13:58:14","date_gmt":"2025-08-13T05:58:14","guid":{"rendered":"https:\/\/www.keensaw.com\/?post_type=product&#038;p=2687"},"modified":"2026-05-08T13:59:46","modified_gmt":"2026-05-08T05:59:46","slug":"kcm-120se-c-single-head-chamfering-machine-chuck-type","status":"publish","type":"product","link":"https:\/\/www.keensaw.com\/pt\/product\/kcm-120se-c-single-head-chamfering-machine-chuck-type","title":{"rendered":"M\u00e1quina de chanfrar de cabe\u00e7a \u00fanica KCM-150SE-C + mandril 120"},"featured_media":2309,"menu_order":34,"template":"","format":"standard","meta":[],"product_category":[],"class_list":["post-2687","product","type-product","status-publish","format-standard","has-post-thumbnail","hentry"],"acf":[],"_links":{"self":[{"href":"https:\/\/www.keensaw.com\/pt\/wp-json\/wp\/v2\/product\/2687","targetHints":{"allow":["GET"]}}],"collection":[{"href":"https:\/\/www.keensaw.com\/pt\/wp-json\/wp\/v2\/product"}],"about":[{"href":"https:\/\/www.keensaw.com\/pt\/wp-json\/wp\/v2\/types\/product"}],"version-history":[{"count":3,"href":"https:\/\/www.keensaw.com\/pt\/wp-json\/wp\/v2\/product\/2687\/revisions"}],"predecessor-version":[{"id":3351,"href":"https:\/\/www.keensaw.com\/pt\/wp-json\/wp\/v2\/product\/2687\/revisions\/3351"}],"wp:featuredmedia":[{"embeddable":true,"href":"https:\/\/www.keensaw.com\/pt\/wp-json\/wp\/v2\/media\/2309"}],"wp:attachment":[{"href":"https:\/\/www.keensaw.com\/pt\/wp-json\/wp\/v2\/media?parent=2687"}],"wp:term":[{"taxonomy":"product_category","embeddable":true,"href":"https:\/\/www.keensaw.com\/pt\/wp-json\/wp\/v2\/product_category?post=2687"}],"curies":[{"name":"wp","href":"https:\/\/api.w.org\/{rel}","templated":true}]}}