{"id":2237,"date":"2024-11-25T14:59:54","date_gmt":"2024-11-25T06:59:54","guid":{"rendered":"https:\/\/www.keensaw.com\/?post_type=product&#038;p=2237"},"modified":"2026-05-08T16:21:08","modified_gmt":"2026-05-08T08:21:08","slug":"od-63-5mm-nc-control-hydraulic-pipe-bending-machine","status":"publish","type":"product","link":"https:\/\/www.keensaw.com\/pt\/product\/od-63-5mm-nc-control-hydraulic-pipe-bending-machine","title":{"rendered":"M\u00e1quina de dobra hidr\u00e1ulica da tubula\u00e7\u00e3o do controle de OD 63.5mm NC"},"featured_media":2234,"menu_order":174,"template":"","format":"standard","meta":[],"product_category":[49,51],"class_list":["post-2237","product","type-product","status-publish","format-standard","has-post-thumbnail","hentry","product_category-pipe-bending-machine","product_category-nc-hydraulic-bending"],"acf":[],"_links":{"self":[{"href":"https:\/\/www.keensaw.com\/pt\/wp-json\/wp\/v2\/product\/2237","targetHints":{"allow":["GET"]}}],"collection":[{"href":"https:\/\/www.keensaw.com\/pt\/wp-json\/wp\/v2\/product"}],"about":[{"href":"https:\/\/www.keensaw.com\/pt\/wp-json\/wp\/v2\/types\/product"}],"version-history":[{"count":1,"href":"https:\/\/www.keensaw.com\/pt\/wp-json\/wp\/v2\/product\/2237\/revisions"}],"predecessor-version":[{"id":2239,"href":"https:\/\/www.keensaw.com\/pt\/wp-json\/wp\/v2\/product\/2237\/revisions\/2239"}],"wp:featuredmedia":[{"embeddable":true,"href":"https:\/\/www.keensaw.com\/pt\/wp-json\/wp\/v2\/media\/2234"}],"wp:attachment":[{"href":"https:\/\/www.keensaw.com\/pt\/wp-json\/wp\/v2\/media?parent=2237"}],"wp:term":[{"taxonomy":"product_category","embeddable":true,"href":"https:\/\/www.keensaw.com\/pt\/wp-json\/wp\/v2\/product_category?post=2237"}],"curies":[{"name":"wp","href":"https:\/\/api.w.org\/{rel}","templated":true}]}}