{"id":1467,"date":"2024-05-31T17:31:37","date_gmt":"2024-05-31T09:31:37","guid":{"rendered":"https:\/\/keensaw.com\/?post_type=product&#038;p=1467"},"modified":"2026-05-08T16:18:37","modified_gmt":"2026-05-08T08:18:37","slug":"505h-aluminum-extrusions-cutting-saw-machine","status":"publish","type":"product","link":"https:\/\/www.keensaw.com\/pt\/product\/505h-aluminum-extrusions-cutting-saw-machine","title":{"rendered":"O corte horizontal das extrus\u00f5es de alum\u00ednio 505H viu a m\u00e1quina"},"featured_media":1481,"menu_order":60,"template":"","format":"standard","meta":[],"product_category":[25,27],"class_list":["post-1467","product","type-product","status-publish","format-standard","has-post-thumbnail","hentry","product_category-aluminum-saws","product_category-semi-automatic-aluminum-saws"],"acf":[],"_links":{"self":[{"href":"https:\/\/www.keensaw.com\/pt\/wp-json\/wp\/v2\/product\/1467","targetHints":{"allow":["GET"]}}],"collection":[{"href":"https:\/\/www.keensaw.com\/pt\/wp-json\/wp\/v2\/product"}],"about":[{"href":"https:\/\/www.keensaw.com\/pt\/wp-json\/wp\/v2\/types\/product"}],"version-history":[{"count":3,"href":"https:\/\/www.keensaw.com\/pt\/wp-json\/wp\/v2\/product\/1467\/revisions"}],"predecessor-version":[{"id":1482,"href":"https:\/\/www.keensaw.com\/pt\/wp-json\/wp\/v2\/product\/1467\/revisions\/1482"}],"wp:featuredmedia":[{"embeddable":true,"href":"https:\/\/www.keensaw.com\/pt\/wp-json\/wp\/v2\/media\/1481"}],"wp:attachment":[{"href":"https:\/\/www.keensaw.com\/pt\/wp-json\/wp\/v2\/media?parent=1467"}],"wp:term":[{"taxonomy":"product_category","embeddable":true,"href":"https:\/\/www.keensaw.com\/pt\/wp-json\/wp\/v2\/product_category?post=1467"}],"curies":[{"name":"wp","href":"https:\/\/api.w.org\/{rel}","templated":true}]}}