{"id":803,"date":"2024-04-04T15:05:01","date_gmt":"2024-04-04T07:05:01","guid":{"rendered":"https:\/\/keensaw.com\/?post_type=product&#038;p=803"},"modified":"2026-05-08T16:14:57","modified_gmt":"2026-05-08T08:14:57","slug":"nc-double-end-tube-chamfering-machine-for-short-lengths","status":"publish","type":"product","link":"https:\/\/www.keensaw.com\/fr\/product\/nc-double-end-tube-chamfering-machine-for-short-lengths","title":{"rendered":"Machine de chanfreinage de tube d'extr\u00e9mit\u00e9 de double contr\u00f4le d'OR pour les longueurs courtes 15-200mm"},"featured_media":3236,"menu_order":45,"template":"","format":"standard","meta":[],"product_category":[33,35,36],"class_list":["post-803","product","type-product","status-publish","format-standard","has-post-thumbnail","hentry","product_category-chamfering-machine","product_category-double-end-chamfering-machine","product_category-cnc-chamfering-machine"],"acf":[],"_links":{"self":[{"href":"https:\/\/www.keensaw.com\/fr\/wp-json\/wp\/v2\/product\/803","targetHints":{"allow":["GET"]}}],"collection":[{"href":"https:\/\/www.keensaw.com\/fr\/wp-json\/wp\/v2\/product"}],"about":[{"href":"https:\/\/www.keensaw.com\/fr\/wp-json\/wp\/v2\/types\/product"}],"version-history":[{"count":13,"href":"https:\/\/www.keensaw.com\/fr\/wp-json\/wp\/v2\/product\/803\/revisions"}],"predecessor-version":[{"id":3239,"href":"https:\/\/www.keensaw.com\/fr\/wp-json\/wp\/v2\/product\/803\/revisions\/3239"}],"wp:featuredmedia":[{"embeddable":true,"href":"https:\/\/www.keensaw.com\/fr\/wp-json\/wp\/v2\/media\/3236"}],"wp:attachment":[{"href":"https:\/\/www.keensaw.com\/fr\/wp-json\/wp\/v2\/media?parent=803"}],"wp:term":[{"taxonomy":"product_category","embeddable":true,"href":"https:\/\/www.keensaw.com\/fr\/wp-json\/wp\/v2\/product_category?post=803"}],"curies":[{"name":"wp","href":"https:\/\/api.w.org\/{rel}","templated":true}]}}