{"id":791,"date":"2024-04-04T13:52:55","date_gmt":"2024-04-04T05:52:55","guid":{"rendered":"https:\/\/keensaw.com\/?post_type=product&#038;p=791"},"modified":"2026-05-08T16:14:46","modified_gmt":"2026-05-08T08:14:46","slug":"kcm-100de-automatic-lift-feeding-double-end-chamfering-machine","status":"publish","type":"product","link":"https:\/\/www.keensaw.com\/fr\/product\/kcm-100de-automatic-lift-feeding-double-end-chamfering-machine","title":{"rendered":"KCM-100DE Machine de chanfreinage \u00e0 double extr\u00e9mit\u00e9 \u00e0 alimentation par ascenseur automatique"},"featured_media":1091,"menu_order":44,"template":"","format":"standard","meta":[],"product_category":[33,35],"class_list":["post-791","product","type-product","status-publish","format-standard","has-post-thumbnail","hentry","product_category-chamfering-machine","product_category-double-end-chamfering-machine"],"acf":[],"_links":{"self":[{"href":"https:\/\/www.keensaw.com\/fr\/wp-json\/wp\/v2\/product\/791","targetHints":{"allow":["GET"]}}],"collection":[{"href":"https:\/\/www.keensaw.com\/fr\/wp-json\/wp\/v2\/product"}],"about":[{"href":"https:\/\/www.keensaw.com\/fr\/wp-json\/wp\/v2\/types\/product"}],"version-history":[{"count":2,"href":"https:\/\/www.keensaw.com\/fr\/wp-json\/wp\/v2\/product\/791\/revisions"}],"predecessor-version":[{"id":1094,"href":"https:\/\/www.keensaw.com\/fr\/wp-json\/wp\/v2\/product\/791\/revisions\/1094"}],"wp:featuredmedia":[{"embeddable":true,"href":"https:\/\/www.keensaw.com\/fr\/wp-json\/wp\/v2\/media\/1091"}],"wp:attachment":[{"href":"https:\/\/www.keensaw.com\/fr\/wp-json\/wp\/v2\/media?parent=791"}],"wp:term":[{"taxonomy":"product_category","embeddable":true,"href":"https:\/\/www.keensaw.com\/fr\/wp-json\/wp\/v2\/product_category?post=791"}],"curies":[{"name":"wp","href":"https:\/\/api.w.org\/{rel}","templated":true}]}}