{"id":742,"date":"2024-04-04T11:03:25","date_gmt":"2024-04-04T03:03:25","guid":{"rendered":"https:\/\/keensaw.com\/?post_type=product&#038;p=742"},"modified":"2026-05-08T16:14:08","modified_gmt":"2026-05-08T08:14:08","slug":"kcm-80se-pneumatic-single-end-tube-chamfering-machine","status":"publish","type":"product","link":"https:\/\/www.keensaw.com\/fr\/product\/kcm-80se-pneumatic-single-end-tube-chamfering-machine","title":{"rendered":"Machine pneumatique de chanfreinage de tubes \u00e0 une extr\u00e9mit\u00e9 KCM-80SE"},"featured_media":2692,"menu_order":24,"template":"","format":"standard","meta":[],"product_category":[33,34],"class_list":["post-742","product","type-product","status-publish","format-standard","has-post-thumbnail","hentry","product_category-chamfering-machine","product_category-single-end-chamfering-machine"],"acf":[],"_links":{"self":[{"href":"https:\/\/www.keensaw.com\/fr\/wp-json\/wp\/v2\/product\/742","targetHints":{"allow":["GET"]}}],"collection":[{"href":"https:\/\/www.keensaw.com\/fr\/wp-json\/wp\/v2\/product"}],"about":[{"href":"https:\/\/www.keensaw.com\/fr\/wp-json\/wp\/v2\/types\/product"}],"version-history":[{"count":22,"href":"https:\/\/www.keensaw.com\/fr\/wp-json\/wp\/v2\/product\/742\/revisions"}],"predecessor-version":[{"id":2693,"href":"https:\/\/www.keensaw.com\/fr\/wp-json\/wp\/v2\/product\/742\/revisions\/2693"}],"wp:featuredmedia":[{"embeddable":true,"href":"https:\/\/www.keensaw.com\/fr\/wp-json\/wp\/v2\/media\/2692"}],"wp:attachment":[{"href":"https:\/\/www.keensaw.com\/fr\/wp-json\/wp\/v2\/media?parent=742"}],"wp:term":[{"taxonomy":"product_category","embeddable":true,"href":"https:\/\/www.keensaw.com\/fr\/wp-json\/wp\/v2\/product_category?post=742"}],"curies":[{"name":"wp","href":"https:\/\/api.w.org\/{rel}","templated":true}]}}