{"id":3141,"date":"2025-11-08T13:29:52","date_gmt":"2025-11-08T05:29:52","guid":{"rendered":"https:\/\/www.keensaw.com\/?post_type=product&#038;p=3141"},"modified":"2026-05-08T14:02:03","modified_gmt":"2026-05-08T06:02:03","slug":"bs-912b-9-belt-drive-bandsaw-for-metal","status":"publish","type":"product","link":"https:\/\/www.keensaw.com\/fr\/product\/bs-912b-9-belt-drive-bandsaw-for-metal","title":{"rendered":"Scie \u00e0 ruban \u00e0 entra\u00eenement par courroie BS-912B 9\u2033 pour le m\u00e9tal"},"featured_media":3142,"menu_order":123,"template":"","format":"standard","meta":[],"product_category":[61],"class_list":["post-3141","product","type-product","status-publish","format-standard","has-post-thumbnail","hentry","product_category-mini-band-saw"],"acf":[],"_links":{"self":[{"href":"https:\/\/www.keensaw.com\/fr\/wp-json\/wp\/v2\/product\/3141","targetHints":{"allow":["GET"]}}],"collection":[{"href":"https:\/\/www.keensaw.com\/fr\/wp-json\/wp\/v2\/product"}],"about":[{"href":"https:\/\/www.keensaw.com\/fr\/wp-json\/wp\/v2\/types\/product"}],"version-history":[{"count":1,"href":"https:\/\/www.keensaw.com\/fr\/wp-json\/wp\/v2\/product\/3141\/revisions"}],"predecessor-version":[{"id":3143,"href":"https:\/\/www.keensaw.com\/fr\/wp-json\/wp\/v2\/product\/3141\/revisions\/3143"}],"wp:featuredmedia":[{"embeddable":true,"href":"https:\/\/www.keensaw.com\/fr\/wp-json\/wp\/v2\/media\/3142"}],"wp:attachment":[{"href":"https:\/\/www.keensaw.com\/fr\/wp-json\/wp\/v2\/media?parent=3141"}],"wp:term":[{"taxonomy":"product_category","embeddable":true,"href":"https:\/\/www.keensaw.com\/fr\/wp-json\/wp\/v2\/product_category?post=3141"}],"curies":[{"name":"wp","href":"https:\/\/api.w.org\/{rel}","templated":true}]}}