{"id":3002,"date":"2025-10-01T10:28:31","date_gmt":"2025-10-01T02:28:31","guid":{"rendered":"https:\/\/www.keensaw.com\/?post_type=product&#038;p=3002"},"modified":"2026-05-08T14:01:31","modified_gmt":"2026-05-08T06:01:31","slug":"bs-1018b-10-inch-bandsaw-for-metal","status":"publish","type":"product","link":"https:\/\/www.keensaw.com\/fr\/product\/bs-1018b-10-inch-bandsaw-for-metal","title":{"rendered":"Scie \u00e0 ruban \u00e0 entra\u00eenement par courroie BS-1018B 10\u2033 pour le m\u00e9tal"},"featured_media":3029,"menu_order":124,"template":"","format":"standard","meta":[],"product_category":[61],"class_list":["post-3002","product","type-product","status-publish","format-standard","has-post-thumbnail","hentry","product_category-mini-band-saw"],"acf":[],"_links":{"self":[{"href":"https:\/\/www.keensaw.com\/fr\/wp-json\/wp\/v2\/product\/3002","targetHints":{"allow":["GET"]}}],"collection":[{"href":"https:\/\/www.keensaw.com\/fr\/wp-json\/wp\/v2\/product"}],"about":[{"href":"https:\/\/www.keensaw.com\/fr\/wp-json\/wp\/v2\/types\/product"}],"version-history":[{"count":8,"href":"https:\/\/www.keensaw.com\/fr\/wp-json\/wp\/v2\/product\/3002\/revisions"}],"predecessor-version":[{"id":3136,"href":"https:\/\/www.keensaw.com\/fr\/wp-json\/wp\/v2\/product\/3002\/revisions\/3136"}],"wp:featuredmedia":[{"embeddable":true,"href":"https:\/\/www.keensaw.com\/fr\/wp-json\/wp\/v2\/media\/3029"}],"wp:attachment":[{"href":"https:\/\/www.keensaw.com\/fr\/wp-json\/wp\/v2\/media?parent=3002"}],"wp:term":[{"taxonomy":"product_category","embeddable":true,"href":"https:\/\/www.keensaw.com\/fr\/wp-json\/wp\/v2\/product_category?post=3002"}],"curies":[{"name":"wp","href":"https:\/\/api.w.org\/{rel}","templated":true}]}}