{"id":2999,"date":"2025-09-29T17:05:24","date_gmt":"2025-09-29T09:05:24","guid":{"rendered":"https:\/\/www.keensaw.com\/?post_type=product&#038;p=2999"},"modified":"2026-05-08T14:01:08","modified_gmt":"2026-05-08T06:01:08","slug":"bs-712n-7-belt-drive-bandsaw-for-metal","status":"publish","type":"product","link":"https:\/\/www.keensaw.com\/fr\/product\/bs-712n-7-belt-drive-bandsaw-for-metal","title":{"rendered":"Scie \u00e0 ruban \u00e0 entra\u00eenement par courroie BS-712N 7\u2033 pour le m\u00e9tal"},"featured_media":2955,"menu_order":122,"template":"","format":"standard","meta":[],"product_category":[61],"class_list":["post-2999","product","type-product","status-publish","format-standard","has-post-thumbnail","hentry","product_category-mini-band-saw"],"acf":[],"_links":{"self":[{"href":"https:\/\/www.keensaw.com\/fr\/wp-json\/wp\/v2\/product\/2999","targetHints":{"allow":["GET"]}}],"collection":[{"href":"https:\/\/www.keensaw.com\/fr\/wp-json\/wp\/v2\/product"}],"about":[{"href":"https:\/\/www.keensaw.com\/fr\/wp-json\/wp\/v2\/types\/product"}],"version-history":[{"count":5,"href":"https:\/\/www.keensaw.com\/fr\/wp-json\/wp\/v2\/product\/2999\/revisions"}],"predecessor-version":[{"id":3134,"href":"https:\/\/www.keensaw.com\/fr\/wp-json\/wp\/v2\/product\/2999\/revisions\/3134"}],"wp:featuredmedia":[{"embeddable":true,"href":"https:\/\/www.keensaw.com\/fr\/wp-json\/wp\/v2\/media\/2955"}],"wp:attachment":[{"href":"https:\/\/www.keensaw.com\/fr\/wp-json\/wp\/v2\/media?parent=2999"}],"wp:term":[{"taxonomy":"product_category","embeddable":true,"href":"https:\/\/www.keensaw.com\/fr\/wp-json\/wp\/v2\/product_category?post=2999"}],"curies":[{"name":"wp","href":"https:\/\/api.w.org\/{rel}","templated":true}]}}