{"id":2793,"date":"2025-08-28T11:41:18","date_gmt":"2025-08-28T03:41:18","guid":{"rendered":"https:\/\/www.keensaw.com\/?post_type=product&#038;p=2793"},"modified":"2026-05-08T14:00:19","modified_gmt":"2026-05-08T06:00:19","slug":"vertical-metal-band-saw-with-tilting-table","status":"publish","type":"product","link":"https:\/\/www.keensaw.com\/fr\/product\/vertical-metal-band-saw-with-tilting-table","title":{"rendered":"Scie \u00e0 ruban verticale \u00e0 m\u00e9tal avec table inclinable L-32\/40S"},"featured_media":2795,"menu_order":166,"template":"","format":"standard","meta":[],"product_category":[31],"class_list":["post-2793","product","type-product","status-publish","format-standard","has-post-thumbnail","hentry","product_category-vertical-band-saw"],"acf":[],"_links":{"self":[{"href":"https:\/\/www.keensaw.com\/fr\/wp-json\/wp\/v2\/product\/2793","targetHints":{"allow":["GET"]}}],"collection":[{"href":"https:\/\/www.keensaw.com\/fr\/wp-json\/wp\/v2\/product"}],"about":[{"href":"https:\/\/www.keensaw.com\/fr\/wp-json\/wp\/v2\/types\/product"}],"version-history":[{"count":4,"href":"https:\/\/www.keensaw.com\/fr\/wp-json\/wp\/v2\/product\/2793\/revisions"}],"predecessor-version":[{"id":3314,"href":"https:\/\/www.keensaw.com\/fr\/wp-json\/wp\/v2\/product\/2793\/revisions\/3314"}],"wp:featuredmedia":[{"embeddable":true,"href":"https:\/\/www.keensaw.com\/fr\/wp-json\/wp\/v2\/media\/2795"}],"wp:attachment":[{"href":"https:\/\/www.keensaw.com\/fr\/wp-json\/wp\/v2\/media?parent=2793"}],"wp:term":[{"taxonomy":"product_category","embeddable":true,"href":"https:\/\/www.keensaw.com\/fr\/wp-json\/wp\/v2\/product_category?post=2793"}],"curies":[{"name":"wp","href":"https:\/\/api.w.org\/{rel}","templated":true}]}}