{"id":1990,"date":"2024-08-16T13:53:24","date_gmt":"2024-08-16T05:53:24","guid":{"rendered":"https:\/\/keensaw.com\/?post_type=product&#038;p=1990"},"modified":"2026-05-08T16:20:14","modified_gmt":"2026-05-08T08:20:14","slug":"multiple-stations-tube-end-forming-machine","status":"publish","type":"product","link":"https:\/\/www.keensaw.com\/fr\/product\/multiple-stations-tube-end-forming-machine","title":{"rendered":"Machine de formage d'extr\u00e9mit\u00e9 de tube \u00e0 plusieurs stations"},"featured_media":1992,"menu_order":176,"template":"","format":"standard","meta":[],"product_category":[52],"class_list":["post-1990","product","type-product","status-publish","format-standard","has-post-thumbnail","hentry","product_category-pipe-end-forming-machine"],"acf":[],"_links":{"self":[{"href":"https:\/\/www.keensaw.com\/fr\/wp-json\/wp\/v2\/product\/1990","targetHints":{"allow":["GET"]}}],"collection":[{"href":"https:\/\/www.keensaw.com\/fr\/wp-json\/wp\/v2\/product"}],"about":[{"href":"https:\/\/www.keensaw.com\/fr\/wp-json\/wp\/v2\/types\/product"}],"version-history":[{"count":2,"href":"https:\/\/www.keensaw.com\/fr\/wp-json\/wp\/v2\/product\/1990\/revisions"}],"predecessor-version":[{"id":1993,"href":"https:\/\/www.keensaw.com\/fr\/wp-json\/wp\/v2\/product\/1990\/revisions\/1993"}],"wp:featuredmedia":[{"embeddable":true,"href":"https:\/\/www.keensaw.com\/fr\/wp-json\/wp\/v2\/media\/1992"}],"wp:attachment":[{"href":"https:\/\/www.keensaw.com\/fr\/wp-json\/wp\/v2\/media?parent=1990"}],"wp:term":[{"taxonomy":"product_category","embeddable":true,"href":"https:\/\/www.keensaw.com\/fr\/wp-json\/wp\/v2\/product_category?post=1990"}],"curies":[{"name":"wp","href":"https:\/\/api.w.org\/{rel}","templated":true}]}}