{"id":1728,"date":"2024-06-11T15:55:33","date_gmt":"2024-06-11T07:55:33","guid":{"rendered":"https:\/\/keensaw.com\/?post_type=product&#038;p=1728"},"modified":"2026-05-08T16:19:11","modified_gmt":"2026-05-08T08:19:11","slug":"aluminum-plate-saw-cutting-machine-200x1500mm","status":"publish","type":"product","link":"https:\/\/www.keensaw.com\/fr\/product\/aluminum-plate-saw-cutting-machine-200x1500mm","title":{"rendered":"Machine de d\u00e9coupe de scie \u00e0 plaques en aluminium, capacit\u00e9 200x1500mm"},"featured_media":1730,"menu_order":66,"template":"","format":"standard","meta":[],"product_category":[25,27,56],"class_list":["post-1728","product","type-product","status-publish","format-standard","has-post-thumbnail","hentry","product_category-aluminum-saws","product_category-semi-automatic-aluminum-saws","product_category-aluminum-plate-saws"],"acf":[],"_links":{"self":[{"href":"https:\/\/www.keensaw.com\/fr\/wp-json\/wp\/v2\/product\/1728","targetHints":{"allow":["GET"]}}],"collection":[{"href":"https:\/\/www.keensaw.com\/fr\/wp-json\/wp\/v2\/product"}],"about":[{"href":"https:\/\/www.keensaw.com\/fr\/wp-json\/wp\/v2\/types\/product"}],"version-history":[{"count":6,"href":"https:\/\/www.keensaw.com\/fr\/wp-json\/wp\/v2\/product\/1728\/revisions"}],"predecessor-version":[{"id":2684,"href":"https:\/\/www.keensaw.com\/fr\/wp-json\/wp\/v2\/product\/1728\/revisions\/2684"}],"wp:featuredmedia":[{"embeddable":true,"href":"https:\/\/www.keensaw.com\/fr\/wp-json\/wp\/v2\/media\/1730"}],"wp:attachment":[{"href":"https:\/\/www.keensaw.com\/fr\/wp-json\/wp\/v2\/media?parent=1728"}],"wp:term":[{"taxonomy":"product_category","embeddable":true,"href":"https:\/\/www.keensaw.com\/fr\/wp-json\/wp\/v2\/product_category?post=1728"}],"curies":[{"name":"wp","href":"https:\/\/api.w.org\/{rel}","templated":true}]}}