{"id":2623,"date":"2025-06-30T10:14:53","date_gmt":"2025-06-30T02:14:53","guid":{"rendered":"https:\/\/www.keensaw.com\/?post_type=product&#038;p=2623"},"modified":"2026-05-08T13:59:15","modified_gmt":"2026-05-08T05:59:15","slug":"economical-90-degree-laser-tube-cutting-machine-lsc120-a","status":"publish","type":"product","link":"https:\/\/www.keensaw.com\/es_mx\/product\/economical-90-degree-laser-tube-cutting-machine-lsc120-a","title":{"rendered":"M\u00e1quina cortadora de tubos l\u00e1ser econ\u00f3mica de 90 grados LSC120-A"},"featured_media":2621,"menu_order":78,"template":"","format":"standard","meta":[],"product_category":[55],"class_list":["post-2623","product","type-product","status-publish","format-standard","has-post-thumbnail","hentry","product_category-laser-cutting-machine"],"acf":[],"_links":{"self":[{"href":"https:\/\/www.keensaw.com\/es_mx\/wp-json\/wp\/v2\/product\/2623","targetHints":{"allow":["GET"]}}],"collection":[{"href":"https:\/\/www.keensaw.com\/es_mx\/wp-json\/wp\/v2\/product"}],"about":[{"href":"https:\/\/www.keensaw.com\/es_mx\/wp-json\/wp\/v2\/types\/product"}],"version-history":[{"count":3,"href":"https:\/\/www.keensaw.com\/es_mx\/wp-json\/wp\/v2\/product\/2623\/revisions"}],"predecessor-version":[{"id":2626,"href":"https:\/\/www.keensaw.com\/es_mx\/wp-json\/wp\/v2\/product\/2623\/revisions\/2626"}],"wp:featuredmedia":[{"embeddable":true,"href":"https:\/\/www.keensaw.com\/es_mx\/wp-json\/wp\/v2\/media\/2621"}],"wp:attachment":[{"href":"https:\/\/www.keensaw.com\/es_mx\/wp-json\/wp\/v2\/media?parent=2623"}],"wp:term":[{"taxonomy":"product_category","embeddable":true,"href":"https:\/\/www.keensaw.com\/es_mx\/wp-json\/wp\/v2\/product_category?post=2623"}],"curies":[{"name":"wp","href":"https:\/\/api.w.org\/{rel}","templated":true}]}}