{"id":2164,"date":"2024-10-11T09:56:52","date_gmt":"2024-10-11T01:56:52","guid":{"rendered":"https:\/\/keensaw.com\/?post_type=product&#038;p=2164"},"modified":"2026-05-08T16:20:31","modified_gmt":"2026-05-08T08:20:31","slug":"3d-5-axis-automatic-laser-tube-cutting-machine","status":"publish","type":"product","link":"https:\/\/www.keensaw.com\/es_mx\/product\/3d-5-axis-automatic-laser-tube-cutting-machine","title":{"rendered":"M\u00e1quina cortadora de tubos l\u00e1ser autom\u00e1tica de 5 ejes 3D"},"featured_media":1958,"menu_order":79,"template":"","format":"standard","meta":[],"product_category":[55],"class_list":["post-2164","product","type-product","status-publish","format-standard","has-post-thumbnail","hentry","product_category-laser-cutting-machine"],"acf":[],"_links":{"self":[{"href":"https:\/\/www.keensaw.com\/es_mx\/wp-json\/wp\/v2\/product\/2164","targetHints":{"allow":["GET"]}}],"collection":[{"href":"https:\/\/www.keensaw.com\/es_mx\/wp-json\/wp\/v2\/product"}],"about":[{"href":"https:\/\/www.keensaw.com\/es_mx\/wp-json\/wp\/v2\/types\/product"}],"version-history":[{"count":1,"href":"https:\/\/www.keensaw.com\/es_mx\/wp-json\/wp\/v2\/product\/2164\/revisions"}],"predecessor-version":[{"id":2165,"href":"https:\/\/www.keensaw.com\/es_mx\/wp-json\/wp\/v2\/product\/2164\/revisions\/2165"}],"wp:featuredmedia":[{"embeddable":true,"href":"https:\/\/www.keensaw.com\/es_mx\/wp-json\/wp\/v2\/media\/1958"}],"wp:attachment":[{"href":"https:\/\/www.keensaw.com\/es_mx\/wp-json\/wp\/v2\/media?parent=2164"}],"wp:term":[{"taxonomy":"product_category","embeddable":true,"href":"https:\/\/www.keensaw.com\/es_mx\/wp-json\/wp\/v2\/product_category?post=2164"}],"curies":[{"name":"wp","href":"https:\/\/api.w.org\/{rel}","templated":true}]}}