{"id":1803,"date":"2024-06-24T12:47:12","date_gmt":"2024-06-24T04:47:12","guid":{"rendered":"https:\/\/keensaw.com\/?post_type=product&#038;p=1803"},"modified":"2026-05-08T16:20:03","modified_gmt":"2026-05-08T08:20:03","slug":"ktc-180nc-hc-auto-feeding-tube-cutting-machine-to-cut-stainless-steel","status":"publish","type":"product","link":"https:\/\/www.keensaw.com\/es_mx\/product\/ktc-180nc-hc-auto-feeding-tube-cutting-machine-to-cut-stainless-steel","title":{"rendered":"M\u00e1quina cortadora de tubos de alimentaci\u00f3n autom\u00e1tica KTC-180NC-HC para cortar acero inoxidable"},"featured_media":1802,"menu_order":69,"template":"","format":"standard","meta":[],"product_category":[42,46],"class_list":["post-1803","product","type-product","status-publish","format-standard","has-post-thumbnail","hentry","product_category-circular-cold-saws","product_category-fully-automatic"],"acf":[],"_links":{"self":[{"href":"https:\/\/www.keensaw.com\/es_mx\/wp-json\/wp\/v2\/product\/1803","targetHints":{"allow":["GET"]}}],"collection":[{"href":"https:\/\/www.keensaw.com\/es_mx\/wp-json\/wp\/v2\/product"}],"about":[{"href":"https:\/\/www.keensaw.com\/es_mx\/wp-json\/wp\/v2\/types\/product"}],"version-history":[{"count":15,"href":"https:\/\/www.keensaw.com\/es_mx\/wp-json\/wp\/v2\/product\/1803\/revisions"}],"predecessor-version":[{"id":1821,"href":"https:\/\/www.keensaw.com\/es_mx\/wp-json\/wp\/v2\/product\/1803\/revisions\/1821"}],"wp:featuredmedia":[{"embeddable":true,"href":"https:\/\/www.keensaw.com\/es_mx\/wp-json\/wp\/v2\/media\/1802"}],"wp:attachment":[{"href":"https:\/\/www.keensaw.com\/es_mx\/wp-json\/wp\/v2\/media?parent=1803"}],"wp:term":[{"taxonomy":"product_category","embeddable":true,"href":"https:\/\/www.keensaw.com\/es_mx\/wp-json\/wp\/v2\/product_category?post=1803"}],"curies":[{"name":"wp","href":"https:\/\/api.w.org\/{rel}","templated":true}]}}