{"id":1113,"date":"2024-05-10T18:26:50","date_gmt":"2024-05-10T10:26:50","guid":{"rendered":"https:\/\/keensaw.com\/?post_type=product&#038;p=1113"},"modified":"2026-05-08T16:16:21","modified_gmt":"2026-05-08T08:16:21","slug":"g4270-semi-automotic-gantry-band-saw-machine","status":"publish","type":"product","link":"https:\/\/www.keensaw.com\/es_mx\/product\/g4270-semi-automotic-gantry-band-saw-machine","title":{"rendered":"M\u00e1quina de sierra de cinta de p\u00f3rtico semiautom\u00e1tica G4270"},"featured_media":1274,"menu_order":116,"template":"","format":"standard","meta":[],"product_category":[29],"class_list":["post-1113","product","type-product","status-publish","format-standard","has-post-thumbnail","hentry","product_category-semi-automatic-band-saw"],"acf":[],"_links":{"self":[{"href":"https:\/\/www.keensaw.com\/es_mx\/wp-json\/wp\/v2\/product\/1113","targetHints":{"allow":["GET"]}}],"collection":[{"href":"https:\/\/www.keensaw.com\/es_mx\/wp-json\/wp\/v2\/product"}],"about":[{"href":"https:\/\/www.keensaw.com\/es_mx\/wp-json\/wp\/v2\/types\/product"}],"version-history":[{"count":14,"href":"https:\/\/www.keensaw.com\/es_mx\/wp-json\/wp\/v2\/product\/1113\/revisions"}],"predecessor-version":[{"id":3073,"href":"https:\/\/www.keensaw.com\/es_mx\/wp-json\/wp\/v2\/product\/1113\/revisions\/3073"}],"wp:featuredmedia":[{"embeddable":true,"href":"https:\/\/www.keensaw.com\/es_mx\/wp-json\/wp\/v2\/media\/1274"}],"wp:attachment":[{"href":"https:\/\/www.keensaw.com\/es_mx\/wp-json\/wp\/v2\/media?parent=1113"}],"wp:term":[{"taxonomy":"product_category","embeddable":true,"href":"https:\/\/www.keensaw.com\/es_mx\/wp-json\/wp\/v2\/product_category?post=1113"}],"curies":[{"name":"wp","href":"https:\/\/api.w.org\/{rel}","templated":true}]}}