{"id":1095,"date":"2024-05-10T17:52:19","date_gmt":"2024-05-10T09:52:19","guid":{"rendered":"https:\/\/keensaw.com\/?post_type=product&#038;p=1095"},"modified":"2026-05-08T16:15:25","modified_gmt":"2026-05-08T08:15:25","slug":"kcm-60de-heavy-duty-double-end-chamfering-machine","status":"publish","type":"product","link":"https:\/\/www.keensaw.com\/es_mx\/product\/kcm-60de-heavy-duty-double-end-chamfering-machine","title":{"rendered":"M\u00e1quina biseladora de pernos prisioneros de alimentaci\u00f3n autom\u00e1tica de alta resistencia KCM-60DE"},"featured_media":1096,"menu_order":42,"template":"","format":"standard","meta":[],"product_category":[33,35],"class_list":["post-1095","product","type-product","status-publish","format-standard","has-post-thumbnail","hentry","product_category-chamfering-machine","product_category-double-end-chamfering-machine"],"acf":[],"_links":{"self":[{"href":"https:\/\/www.keensaw.com\/es_mx\/wp-json\/wp\/v2\/product\/1095","targetHints":{"allow":["GET"]}}],"collection":[{"href":"https:\/\/www.keensaw.com\/es_mx\/wp-json\/wp\/v2\/product"}],"about":[{"href":"https:\/\/www.keensaw.com\/es_mx\/wp-json\/wp\/v2\/types\/product"}],"version-history":[{"count":1,"href":"https:\/\/www.keensaw.com\/es_mx\/wp-json\/wp\/v2\/product\/1095\/revisions"}],"predecessor-version":[{"id":1097,"href":"https:\/\/www.keensaw.com\/es_mx\/wp-json\/wp\/v2\/product\/1095\/revisions\/1097"}],"wp:featuredmedia":[{"embeddable":true,"href":"https:\/\/www.keensaw.com\/es_mx\/wp-json\/wp\/v2\/media\/1096"}],"wp:attachment":[{"href":"https:\/\/www.keensaw.com\/es_mx\/wp-json\/wp\/v2\/media?parent=1095"}],"wp:term":[{"taxonomy":"product_category","embeddable":true,"href":"https:\/\/www.keensaw.com\/es_mx\/wp-json\/wp\/v2\/product_category?post=1095"}],"curies":[{"name":"wp","href":"https:\/\/api.w.org\/{rel}","templated":true}]}}