{"id":796,"date":"2024-04-04T14:39:25","date_gmt":"2024-04-04T06:39:25","guid":{"rendered":"https:\/\/keensaw.com\/?post_type=product&#038;p=796"},"modified":"2026-05-08T16:14:46","modified_gmt":"2026-05-08T08:14:46","slug":"kcm-150se-hydraulic-single-head-facing-and-chamfering-machine","status":"publish","type":"product","link":"https:\/\/www.keensaw.com\/es_ar\/product\/kcm-150se-hydraulic-single-head-facing-and-chamfering-machine","title":{"rendered":"M\u00e1quina hidr\u00e1ulica de refrentado y biselado de cabezal \u00fanico KCM-150SE"},"featured_media":962,"menu_order":28,"template":"","format":"standard","meta":[],"product_category":[33,34],"class_list":["post-796","product","type-product","status-publish","format-standard","has-post-thumbnail","hentry","product_category-chamfering-machine","product_category-single-end-chamfering-machine"],"acf":[],"_links":{"self":[{"href":"https:\/\/www.keensaw.com\/es_ar\/wp-json\/wp\/v2\/product\/796","targetHints":{"allow":["GET"]}}],"collection":[{"href":"https:\/\/www.keensaw.com\/es_ar\/wp-json\/wp\/v2\/product"}],"about":[{"href":"https:\/\/www.keensaw.com\/es_ar\/wp-json\/wp\/v2\/types\/product"}],"version-history":[{"count":8,"href":"https:\/\/www.keensaw.com\/es_ar\/wp-json\/wp\/v2\/product\/796\/revisions"}],"predecessor-version":[{"id":2383,"href":"https:\/\/www.keensaw.com\/es_ar\/wp-json\/wp\/v2\/product\/796\/revisions\/2383"}],"wp:featuredmedia":[{"embeddable":true,"href":"https:\/\/www.keensaw.com\/es_ar\/wp-json\/wp\/v2\/media\/962"}],"wp:attachment":[{"href":"https:\/\/www.keensaw.com\/es_ar\/wp-json\/wp\/v2\/media?parent=796"}],"wp:term":[{"taxonomy":"product_category","embeddable":true,"href":"https:\/\/www.keensaw.com\/es_ar\/wp-json\/wp\/v2\/product_category?post=796"}],"curies":[{"name":"wp","href":"https:\/\/api.w.org\/{rel}","templated":true}]}}