{"id":1793,"date":"2024-06-24T12:15:59","date_gmt":"2024-06-24T04:15:59","guid":{"rendered":"https:\/\/keensaw.com\/?post_type=product&#038;p=1793"},"modified":"2026-05-08T16:19:52","modified_gmt":"2026-05-08T08:19:52","slug":"ktc-160nc-auto-feeding-pipe-tube-cutting-machine","status":"publish","type":"product","link":"https:\/\/www.keensaw.com\/es_ar\/product\/ktc-160nc-auto-feeding-pipe-tube-cutting-machine","title":{"rendered":"M\u00e1quina cortadora de tubos de alimentaci\u00f3n autom\u00e1tica KTC-160NC para tubos de acero peque\u00f1os"},"featured_media":1795,"menu_order":71,"template":"","format":"standard","meta":[],"product_category":[42,46],"class_list":["post-1793","product","type-product","status-publish","format-standard","has-post-thumbnail","hentry","product_category-circular-cold-saws","product_category-fully-automatic"],"acf":[],"_links":{"self":[{"href":"https:\/\/www.keensaw.com\/es_ar\/wp-json\/wp\/v2\/product\/1793","targetHints":{"allow":["GET"]}}],"collection":[{"href":"https:\/\/www.keensaw.com\/es_ar\/wp-json\/wp\/v2\/product"}],"about":[{"href":"https:\/\/www.keensaw.com\/es_ar\/wp-json\/wp\/v2\/types\/product"}],"version-history":[{"count":3,"href":"https:\/\/www.keensaw.com\/es_ar\/wp-json\/wp\/v2\/product\/1793\/revisions"}],"predecessor-version":[{"id":1797,"href":"https:\/\/www.keensaw.com\/es_ar\/wp-json\/wp\/v2\/product\/1793\/revisions\/1797"}],"wp:featuredmedia":[{"embeddable":true,"href":"https:\/\/www.keensaw.com\/es_ar\/wp-json\/wp\/v2\/media\/1795"}],"wp:attachment":[{"href":"https:\/\/www.keensaw.com\/es_ar\/wp-json\/wp\/v2\/media?parent=1793"}],"wp:term":[{"taxonomy":"product_category","embeddable":true,"href":"https:\/\/www.keensaw.com\/es_ar\/wp-json\/wp\/v2\/product_category?post=1793"}],"curies":[{"name":"wp","href":"https:\/\/api.w.org\/{rel}","templated":true}]}}