{"id":1957,"date":"2024-08-15T15:20:25","date_gmt":"2024-08-15T07:20:25","guid":{"rendered":"https:\/\/keensaw.com\/?post_type=product&#038;p=1957"},"modified":"2026-05-08T16:20:03","modified_gmt":"2026-05-08T08:20:03","slug":"3d-4-axis-automatic-laser-tube-cutting-machine","status":"publish","type":"product","link":"https:\/\/www.keensaw.com\/es\/product\/3d-4-axis-automatic-laser-tube-cutting-machine","title":{"rendered":"M\u00e1quina cortadora de tubos l\u00e1ser autom\u00e1tica de 4 ejes 3D"},"featured_media":1958,"menu_order":80,"template":"","format":"standard","meta":[],"product_category":[55],"class_list":["post-1957","product","type-product","status-publish","format-standard","has-post-thumbnail","hentry","product_category-laser-cutting-machine"],"acf":[],"_links":{"self":[{"href":"https:\/\/www.keensaw.com\/es\/wp-json\/wp\/v2\/product\/1957","targetHints":{"allow":["GET"]}}],"collection":[{"href":"https:\/\/www.keensaw.com\/es\/wp-json\/wp\/v2\/product"}],"about":[{"href":"https:\/\/www.keensaw.com\/es\/wp-json\/wp\/v2\/types\/product"}],"version-history":[{"count":11,"href":"https:\/\/www.keensaw.com\/es\/wp-json\/wp\/v2\/product\/1957\/revisions"}],"predecessor-version":[{"id":1969,"href":"https:\/\/www.keensaw.com\/es\/wp-json\/wp\/v2\/product\/1957\/revisions\/1969"}],"wp:featuredmedia":[{"embeddable":true,"href":"https:\/\/www.keensaw.com\/es\/wp-json\/wp\/v2\/media\/1958"}],"wp:attachment":[{"href":"https:\/\/www.keensaw.com\/es\/wp-json\/wp\/v2\/media?parent=1957"}],"wp:term":[{"taxonomy":"product_category","embeddable":true,"href":"https:\/\/www.keensaw.com\/es\/wp-json\/wp\/v2\/product_category?post=1957"}],"curies":[{"name":"wp","href":"https:\/\/api.w.org\/{rel}","templated":true}]}}