{"id":1798,"date":"2024-06-24T12:30:53","date_gmt":"2024-06-24T04:30:53","guid":{"rendered":"https:\/\/keensaw.com\/?post_type=product&#038;p=1798"},"modified":"2026-05-08T16:19:52","modified_gmt":"2026-05-08T08:19:52","slug":"ktc-180nc-auto-feeding-tube-cutting-machine","status":"publish","type":"product","link":"https:\/\/www.keensaw.com\/es\/product\/ktc-180nc-auto-feeding-tube-cutting-machine","title":{"rendered":"M\u00e1quina cortadora de tubos de alimentaci\u00f3n autom\u00e1tica KTC-180NC para cortar tubos de cobre y aluminio"},"featured_media":1802,"menu_order":70,"template":"","format":"standard","meta":[],"product_category":[42,46],"class_list":["post-1798","product","type-product","status-publish","format-standard","has-post-thumbnail","hentry","product_category-circular-cold-saws","product_category-fully-automatic"],"acf":[],"_links":{"self":[{"href":"https:\/\/www.keensaw.com\/es\/wp-json\/wp\/v2\/product\/1798","targetHints":{"allow":["GET"]}}],"collection":[{"href":"https:\/\/www.keensaw.com\/es\/wp-json\/wp\/v2\/product"}],"about":[{"href":"https:\/\/www.keensaw.com\/es\/wp-json\/wp\/v2\/types\/product"}],"version-history":[{"count":7,"href":"https:\/\/www.keensaw.com\/es\/wp-json\/wp\/v2\/product\/1798\/revisions"}],"predecessor-version":[{"id":2943,"href":"https:\/\/www.keensaw.com\/es\/wp-json\/wp\/v2\/product\/1798\/revisions\/2943"}],"wp:featuredmedia":[{"embeddable":true,"href":"https:\/\/www.keensaw.com\/es\/wp-json\/wp\/v2\/media\/1802"}],"wp:attachment":[{"href":"https:\/\/www.keensaw.com\/es\/wp-json\/wp\/v2\/media?parent=1798"}],"wp:term":[{"taxonomy":"product_category","embeddable":true,"href":"https:\/\/www.keensaw.com\/es\/wp-json\/wp\/v2\/product_category?post=1798"}],"curies":[{"name":"wp","href":"https:\/\/api.w.org\/{rel}","templated":true}]}}