{"id":1734,"date":"2024-06-11T16:52:03","date_gmt":"2024-06-11T08:52:03","guid":{"rendered":"https:\/\/keensaw.com\/?post_type=product&#038;p=1734"},"modified":"2026-05-08T16:19:11","modified_gmt":"2026-05-08T08:19:11","slug":"ktc-425u-semi-automatic-circular-cold-saw-for-pipe-cutting","status":"publish","type":"product","link":"https:\/\/www.keensaw.com\/es\/product\/ktc-425u-semi-automatic-circular-cold-saw-for-pipe-cutting","title":{"rendered":"Sierra circular en fr\u00edo semiautom\u00e1tica KTC-425U para corte de tuber\u00edas"},"featured_media":1978,"menu_order":76,"template":"","format":"standard","meta":[],"product_category":[42,45],"class_list":["post-1734","product","type-product","status-publish","format-standard","has-post-thumbnail","hentry","product_category-circular-cold-saws","product_category-semi-automatic"],"acf":[],"_links":{"self":[{"href":"https:\/\/www.keensaw.com\/es\/wp-json\/wp\/v2\/product\/1734","targetHints":{"allow":["GET"]}}],"collection":[{"href":"https:\/\/www.keensaw.com\/es\/wp-json\/wp\/v2\/product"}],"about":[{"href":"https:\/\/www.keensaw.com\/es\/wp-json\/wp\/v2\/types\/product"}],"version-history":[{"count":8,"href":"https:\/\/www.keensaw.com\/es\/wp-json\/wp\/v2\/product\/1734\/revisions"}],"predecessor-version":[{"id":1977,"href":"https:\/\/www.keensaw.com\/es\/wp-json\/wp\/v2\/product\/1734\/revisions\/1977"}],"wp:featuredmedia":[{"embeddable":true,"href":"https:\/\/www.keensaw.com\/es\/wp-json\/wp\/v2\/media\/1978"}],"wp:attachment":[{"href":"https:\/\/www.keensaw.com\/es\/wp-json\/wp\/v2\/media?parent=1734"}],"wp:term":[{"taxonomy":"product_category","embeddable":true,"href":"https:\/\/www.keensaw.com\/es\/wp-json\/wp\/v2\/product_category?post=1734"}],"curies":[{"name":"wp","href":"https:\/\/api.w.org\/{rel}","templated":true}]}}