{"id":806,"date":"2024-04-04T15:16:08","date_gmt":"2024-04-04T07:16:08","guid":{"rendered":"https:\/\/keensaw.com\/?post_type=product&#038;p=806"},"modified":"2026-05-08T16:14:57","modified_gmt":"2026-05-08T08:14:57","slug":"nc-control-double-end-chamfering-machine-for-long-lengths","status":"publish","type":"product","link":"https:\/\/www.keensaw.com\/de\/product\/nc-control-double-end-chamfering-machine-for-long-lengths","title":{"rendered":"NC-gesteuerte Doppelendrohr-Anfasmaschine f\u00fcr gro\u00dfe L\u00e4ngen \u00fcber 200 mm"},"featured_media":1725,"menu_order":46,"template":"","format":"standard","meta":[],"product_category":[33,35,36],"class_list":["post-806","product","type-product","status-publish","format-standard","has-post-thumbnail","hentry","product_category-chamfering-machine","product_category-double-end-chamfering-machine","product_category-cnc-chamfering-machine"],"acf":[],"_links":{"self":[{"href":"https:\/\/www.keensaw.com\/de\/wp-json\/wp\/v2\/product\/806","targetHints":{"allow":["GET"]}}],"collection":[{"href":"https:\/\/www.keensaw.com\/de\/wp-json\/wp\/v2\/product"}],"about":[{"href":"https:\/\/www.keensaw.com\/de\/wp-json\/wp\/v2\/types\/product"}],"version-history":[{"count":6,"href":"https:\/\/www.keensaw.com\/de\/wp-json\/wp\/v2\/product\/806\/revisions"}],"predecessor-version":[{"id":2679,"href":"https:\/\/www.keensaw.com\/de\/wp-json\/wp\/v2\/product\/806\/revisions\/2679"}],"wp:featuredmedia":[{"embeddable":true,"href":"https:\/\/www.keensaw.com\/de\/wp-json\/wp\/v2\/media\/1725"}],"wp:attachment":[{"href":"https:\/\/www.keensaw.com\/de\/wp-json\/wp\/v2\/media?parent=806"}],"wp:term":[{"taxonomy":"product_category","embeddable":true,"href":"https:\/\/www.keensaw.com\/de\/wp-json\/wp\/v2\/product_category?post=806"}],"curies":[{"name":"wp","href":"https:\/\/api.w.org\/{rel}","templated":true}]}}